{"id":83253,"date":"2021-08-23T07:45:17","date_gmt":"2021-08-23T05:45:29","guid":{"rendered":"https:\/\/www.laperlavalles2.bcntic.com\/product\/pommade-super-legere-de-dax-14oz\/"},"modified":"2024-04-08T11:22:20","modified_gmt":"2024-04-08T09:22:20","slug":"pommade-super-legere-de-dax-14oz","status":"publish","type":"product","link":"https:\/\/www.laperlavalles.cat\/fr\/produit\/pommade-super-legere-de-dax-14oz\/","title":{"rendered":"DAX SUPER LIGHT POMADE 14OZ"},"content":{"rendered":"<p>Dax Super Light Pomade 14oz. Cr\u00e8me pour pr\u00e9venir le dess\u00e8chement des cheveux et du cuir chevelu, ajoute de la brillance.<\/p>\n","protected":false},"excerpt":{"rendered":"<p>Dax Super Light Pomade 14oz. Cr\u00e8me pour pr\u00e9venir le dess\u00e8chement des cheveux et du cuir chevelu, ajoute de la brillance.<\/p>\n","protected":false},"featured_media":172535,"comment_status":"open","ping_status":"closed","template":"","meta":[],"product_cat":[8461,24331],"product_tag":[],"_links":{"self":[{"href":"https:\/\/www.laperlavalles.cat\/fr\/wp-json\/wp\/v2\/product\/83253"}],"collection":[{"href":"https:\/\/www.laperlavalles.cat\/fr\/wp-json\/wp\/v2\/product"}],"about":[{"href":"https:\/\/www.laperlavalles.cat\/fr\/wp-json\/wp\/v2\/types\/product"}],"replies":[{"embeddable":true,"href":"https:\/\/www.laperlavalles.cat\/fr\/wp-json\/wp\/v2\/comments?post=83253"}],"wp:featuredmedia":[{"embeddable":true,"href":"https:\/\/www.laperlavalles.cat\/fr\/wp-json\/wp\/v2\/media\/172535"}],"wp:attachment":[{"href":"https:\/\/www.laperlavalles.cat\/fr\/wp-json\/wp\/v2\/media?parent=83253"}],"wp:term":[{"taxonomy":"product_cat","embeddable":true,"href":"https:\/\/www.laperlavalles.cat\/fr\/wp-json\/wp\/v2\/product_cat?post=83253"},{"taxonomy":"product_tag","embeddable":true,"href":"https:\/\/www.laperlavalles.cat\/fr\/wp-json\/wp\/v2\/product_tag?post=83253"}],"curies":[{"name":"wp","href":"https:\/\/api.w.org\/{rel}","templated":true}]}}