{"id":83273,"date":"2021-08-23T07:45:36","date_gmt":"2021-08-23T05:45:48","guid":{"rendered":"https:\/\/www.laperlavalles2.bcntic.com\/product\/pommade-coiffante-cantu\/"},"modified":"2026-02-04T12:13:43","modified_gmt":"2026-02-04T11:13:43","slug":"pommade-coiffante-cantu","status":"publish","type":"product","link":"https:\/\/www.laperlavalles.cat\/fr\/produit\/pommade-coiffante-cantu\/","title":{"rendered":"CANTU HAIR DRESSING POMADE"},"content":{"rendered":"<p>Cantu hair dressing pomade. Contr\u00f4le et pr\u00e9vient les frisottis, d\u00e9finit, hydrate et ajoute de la brillance.<\/p>\n","protected":false},"excerpt":{"rendered":"<p>Cantu hair dressing pomade. Contr\u00f4le et pr\u00e9vient les frisottis, d\u00e9finit, hydrate et ajoute de la brillance.<\/p>\n","protected":false},"featured_media":177223,"comment_status":"open","ping_status":"closed","template":"","meta":[],"product_cat":[10616],"product_tag":[],"_links":{"self":[{"href":"https:\/\/www.laperlavalles.cat\/fr\/wp-json\/wp\/v2\/product\/83273"}],"collection":[{"href":"https:\/\/www.laperlavalles.cat\/fr\/wp-json\/wp\/v2\/product"}],"about":[{"href":"https:\/\/www.laperlavalles.cat\/fr\/wp-json\/wp\/v2\/types\/product"}],"replies":[{"embeddable":true,"href":"https:\/\/www.laperlavalles.cat\/fr\/wp-json\/wp\/v2\/comments?post=83273"}],"wp:featuredmedia":[{"embeddable":true,"href":"https:\/\/www.laperlavalles.cat\/fr\/wp-json\/wp\/v2\/media\/177223"}],"wp:attachment":[{"href":"https:\/\/www.laperlavalles.cat\/fr\/wp-json\/wp\/v2\/media?parent=83273"}],"wp:term":[{"taxonomy":"product_cat","embeddable":true,"href":"https:\/\/www.laperlavalles.cat\/fr\/wp-json\/wp\/v2\/product_cat?post=83273"},{"taxonomy":"product_tag","embeddable":true,"href":"https:\/\/www.laperlavalles.cat\/fr\/wp-json\/wp\/v2\/product_tag?post=83273"}],"curies":[{"name":"wp","href":"https:\/\/api.w.org\/{rel}","templated":true}]}}