{"id":83313,"date":"2021-08-23T07:46:17","date_gmt":"2021-08-23T05:46:29","guid":{"rendered":"https:\/\/www.laperlavalles2.bcntic.com\/product\/mousse-a-curling-vagues-cantu\/"},"modified":"2023-06-23T13:36:02","modified_gmt":"2023-06-23T11:36:02","slug":"mousse-a-curling-vagues-cantu","status":"publish","type":"product","link":"https:\/\/www.laperlavalles.cat\/fr\/produit\/mousse-a-curling-vagues-cantu\/","title":{"rendered":"CANTU WAVE WHIP CURLING MOUSSE"},"content":{"rendered":"<p>Cantu Wave Whip Curling Mousse. Mousse l\u00e9g\u00e8re qui aide \u00e0 ajouter du volume et de la d\u00e9finition aux boucles.<\/p>\n","protected":false},"excerpt":{"rendered":"<p>Cantu Wave Whip Curling Mousse. Mousse l\u00e9g\u00e8re qui aide \u00e0 ajouter du volume et de la d\u00e9finition aux boucles.<\/p>\n","protected":false},"featured_media":172135,"comment_status":"open","ping_status":"closed","template":"","meta":[],"product_cat":[8461,24331],"product_tag":[],"_links":{"self":[{"href":"https:\/\/www.laperlavalles.cat\/fr\/wp-json\/wp\/v2\/product\/83313"}],"collection":[{"href":"https:\/\/www.laperlavalles.cat\/fr\/wp-json\/wp\/v2\/product"}],"about":[{"href":"https:\/\/www.laperlavalles.cat\/fr\/wp-json\/wp\/v2\/types\/product"}],"replies":[{"embeddable":true,"href":"https:\/\/www.laperlavalles.cat\/fr\/wp-json\/wp\/v2\/comments?post=83313"}],"wp:featuredmedia":[{"embeddable":true,"href":"https:\/\/www.laperlavalles.cat\/fr\/wp-json\/wp\/v2\/media\/172135"}],"wp:attachment":[{"href":"https:\/\/www.laperlavalles.cat\/fr\/wp-json\/wp\/v2\/media?parent=83313"}],"wp:term":[{"taxonomy":"product_cat","embeddable":true,"href":"https:\/\/www.laperlavalles.cat\/fr\/wp-json\/wp\/v2\/product_cat?post=83313"},{"taxonomy":"product_tag","embeddable":true,"href":"https:\/\/www.laperlavalles.cat\/fr\/wp-json\/wp\/v2\/product_tag?post=83313"}],"curies":[{"name":"wp","href":"https:\/\/api.w.org\/{rel}","templated":true}]}}