{"id":83413,"date":"2021-08-23T07:47:56","date_gmt":"2021-08-23T05:48:10","guid":{"rendered":"https:\/\/www.laperlavalles2.bcntic.com\/product\/dax-indian-hemp-14oz-2\/"},"modified":"2024-07-10T12:36:09","modified_gmt":"2024-07-10T10:36:09","slug":"dax-indian-hemp-14oz-2","status":"publish","type":"product","link":"https:\/\/www.laperlavalles.cat\/fr\/produit\/dax-indian-hemp-14oz-2\/","title":{"rendered":"DAX INDIAN HEMP 14OZ"},"content":{"rendered":"<p>Dax indian hemp 14oz. Cr\u00e8me capillaire hydratante et r\u00e9paratrice \u00e0 base de chanvre indien.<\/p>\n","protected":false},"excerpt":{"rendered":"<p>Dax indian hemp 14oz. Cr\u00e8me capillaire hydratante et r\u00e9paratrice \u00e0 base de chanvre indien.<\/p>\n","protected":false},"featured_media":177239,"comment_status":"open","ping_status":"closed","template":"","meta":[],"product_cat":[10616],"product_tag":[],"_links":{"self":[{"href":"https:\/\/www.laperlavalles.cat\/fr\/wp-json\/wp\/v2\/product\/83413"}],"collection":[{"href":"https:\/\/www.laperlavalles.cat\/fr\/wp-json\/wp\/v2\/product"}],"about":[{"href":"https:\/\/www.laperlavalles.cat\/fr\/wp-json\/wp\/v2\/types\/product"}],"replies":[{"embeddable":true,"href":"https:\/\/www.laperlavalles.cat\/fr\/wp-json\/wp\/v2\/comments?post=83413"}],"wp:featuredmedia":[{"embeddable":true,"href":"https:\/\/www.laperlavalles.cat\/fr\/wp-json\/wp\/v2\/media\/177239"}],"wp:attachment":[{"href":"https:\/\/www.laperlavalles.cat\/fr\/wp-json\/wp\/v2\/media?parent=83413"}],"wp:term":[{"taxonomy":"product_cat","embeddable":true,"href":"https:\/\/www.laperlavalles.cat\/fr\/wp-json\/wp\/v2\/product_cat?post=83413"},{"taxonomy":"product_tag","embeddable":true,"href":"https:\/\/www.laperlavalles.cat\/fr\/wp-json\/wp\/v2\/product_tag?post=83413"}],"curies":[{"name":"wp","href":"https:\/\/api.w.org\/{rel}","templated":true}]}}