{"id":83533,"date":"2021-08-23T07:49:55","date_gmt":"2021-08-23T05:50:07","guid":{"rendered":"https:\/\/www.laperlavalles2.bcntic.com\/product\/gel-creme-lissant-aux-graines-de-lin-cantu\/"},"modified":"2024-07-04T15:42:45","modified_gmt":"2024-07-04T13:42:45","slug":"gel-creme-lissant-aux-graines-de-lin-cantu","status":"publish","type":"product","link":"https:\/\/www.laperlavalles.cat\/fr\/produit\/gel-creme-lissant-aux-graines-de-lin-cantu\/","title":{"rendered":"CANTU FLAXSEED SMOOTHING CREAM GEL"},"content":{"rendered":"<p>Cantu Flaxseed smoothing cream gel. Gel\/cr\u00e8me d\u00e9finit et adoucit \u00e0 base de graines de lin et de beurre de karit\u00e9.<\/p>\n","protected":false},"excerpt":{"rendered":"<p>Cantu Flaxseed smoothing cream gel. Gel\/cr\u00e8me d\u00e9finit et adoucit \u00e0 base de graines de lin et de beurre de karit\u00e9.<\/p>\n","protected":false},"featured_media":171511,"comment_status":"open","ping_status":"closed","template":"","meta":[],"product_cat":[10616],"product_tag":[],"_links":{"self":[{"href":"https:\/\/www.laperlavalles.cat\/fr\/wp-json\/wp\/v2\/product\/83533"}],"collection":[{"href":"https:\/\/www.laperlavalles.cat\/fr\/wp-json\/wp\/v2\/product"}],"about":[{"href":"https:\/\/www.laperlavalles.cat\/fr\/wp-json\/wp\/v2\/types\/product"}],"replies":[{"embeddable":true,"href":"https:\/\/www.laperlavalles.cat\/fr\/wp-json\/wp\/v2\/comments?post=83533"}],"wp:featuredmedia":[{"embeddable":true,"href":"https:\/\/www.laperlavalles.cat\/fr\/wp-json\/wp\/v2\/media\/171511"}],"wp:attachment":[{"href":"https:\/\/www.laperlavalles.cat\/fr\/wp-json\/wp\/v2\/media?parent=83533"}],"wp:term":[{"taxonomy":"product_cat","embeddable":true,"href":"https:\/\/www.laperlavalles.cat\/fr\/wp-json\/wp\/v2\/product_cat?post=83533"},{"taxonomy":"product_tag","embeddable":true,"href":"https:\/\/www.laperlavalles.cat\/fr\/wp-json\/wp\/v2\/product_tag?post=83533"}],"curies":[{"name":"wp","href":"https:\/\/api.w.org\/{rel}","templated":true}]}}