{"id":83833,"date":"2021-08-23T07:54:57","date_gmt":"2021-08-23T05:55:11","guid":{"rendered":"https:\/\/www.laperlavalles2.bcntic.com\/product\/mama-africa-carotone-brightening-body-lotion-2\/"},"modified":"2025-01-20T16:11:58","modified_gmt":"2025-01-20T15:11:58","slug":"mama-africa-carotone-brightening-body-lotion-2","status":"publish","type":"product","link":"https:\/\/www.laperlavalles.cat\/fr\/produit\/mama-africa-carotone-brightening-body-lotion-2\/","title":{"rendered":"MA CAROTONE BRIGHTENING BODY LOTION"},"content":{"rendered":"<p>La lotion pour le corps \u00e9claircissante Mama Africa Carotone est une lotion hydratante \u00e9claircissante et unifiante pour le teint. La Perla est un fournisseur de cosm\u00e9tiques Mama Africa.<\/p>\n","protected":false},"excerpt":{"rendered":"<p>La lotion pour le corps \u00e9claircissante Mama Africa Carotone est une lotion hydratante \u00e9claircissante et unifiante pour le teint. La Perla est un fournisseur de cosm\u00e9tiques<span class=\"excerpt-hellip\"> [\u2026]<\/span><\/p>\n","protected":false},"featured_media":171831,"comment_status":"open","ping_status":"closed","template":"","meta":[],"product_cat":[10616],"product_tag":[],"_links":{"self":[{"href":"https:\/\/www.laperlavalles.cat\/fr\/wp-json\/wp\/v2\/product\/83833"}],"collection":[{"href":"https:\/\/www.laperlavalles.cat\/fr\/wp-json\/wp\/v2\/product"}],"about":[{"href":"https:\/\/www.laperlavalles.cat\/fr\/wp-json\/wp\/v2\/types\/product"}],"replies":[{"embeddable":true,"href":"https:\/\/www.laperlavalles.cat\/fr\/wp-json\/wp\/v2\/comments?post=83833"}],"wp:featuredmedia":[{"embeddable":true,"href":"https:\/\/www.laperlavalles.cat\/fr\/wp-json\/wp\/v2\/media\/171831"}],"wp:attachment":[{"href":"https:\/\/www.laperlavalles.cat\/fr\/wp-json\/wp\/v2\/media?parent=83833"}],"wp:term":[{"taxonomy":"product_cat","embeddable":true,"href":"https:\/\/www.laperlavalles.cat\/fr\/wp-json\/wp\/v2\/product_cat?post=83833"},{"taxonomy":"product_tag","embeddable":true,"href":"https:\/\/www.laperlavalles.cat\/fr\/wp-json\/wp\/v2\/product_tag?post=83833"}],"curies":[{"name":"wp","href":"https:\/\/api.w.org\/{rel}","templated":true}]}}