{"id":83913,"date":"2021-08-23T07:56:16","date_gmt":"2021-08-23T05:56:29","guid":{"rendered":"https:\/\/www.laperlavalles2.bcntic.com\/product\/mama-africa-caro-light-whitening-serum-2\/"},"modified":"2024-07-25T16:00:52","modified_gmt":"2024-07-25T14:00:52","slug":"mama-africa-caro-light-whitening-serum-2","status":"publish","type":"product","link":"https:\/\/www.laperlavalles.cat\/fr\/produit\/mama-africa-caro-light-whitening-serum-2\/","title":{"rendered":"MA CARO LIGHT WHITENING SERUM"},"content":{"rendered":"<p>Mama Africa Caro Light Whitening Serum est un s\u00e9rum \u00e0 action \u00e9claircissante progressive des taches de rousseur et des taches brunes sur la peau.<\/p>\n","protected":false},"excerpt":{"rendered":"<p>Mama Africa Caro Light Whitening Serum est un s\u00e9rum \u00e0 action \u00e9claircissante progressive des taches de rousseur et des taches brunes sur la peau.<\/p>\n","protected":false},"featured_media":171895,"comment_status":"open","ping_status":"closed","template":"","meta":[],"product_cat":[10616],"product_tag":[],"_links":{"self":[{"href":"https:\/\/www.laperlavalles.cat\/fr\/wp-json\/wp\/v2\/product\/83913"}],"collection":[{"href":"https:\/\/www.laperlavalles.cat\/fr\/wp-json\/wp\/v2\/product"}],"about":[{"href":"https:\/\/www.laperlavalles.cat\/fr\/wp-json\/wp\/v2\/types\/product"}],"replies":[{"embeddable":true,"href":"https:\/\/www.laperlavalles.cat\/fr\/wp-json\/wp\/v2\/comments?post=83913"}],"wp:featuredmedia":[{"embeddable":true,"href":"https:\/\/www.laperlavalles.cat\/fr\/wp-json\/wp\/v2\/media\/171895"}],"wp:attachment":[{"href":"https:\/\/www.laperlavalles.cat\/fr\/wp-json\/wp\/v2\/media?parent=83913"}],"wp:term":[{"taxonomy":"product_cat","embeddable":true,"href":"https:\/\/www.laperlavalles.cat\/fr\/wp-json\/wp\/v2\/product_cat?post=83913"},{"taxonomy":"product_tag","embeddable":true,"href":"https:\/\/www.laperlavalles.cat\/fr\/wp-json\/wp\/v2\/product_tag?post=83913"}],"curies":[{"name":"wp","href":"https:\/\/api.w.org\/{rel}","templated":true}]}}