{"id":83953,"date":"2021-08-23T07:57:07","date_gmt":"2021-08-23T05:57:07","guid":{"rendered":"https:\/\/www.laperlavalles2.bcntic.com\/product\/mama-africa-caro-light-black-soap-2\/"},"modified":"2023-06-23T13:31:24","modified_gmt":"2023-06-23T11:31:24","slug":"mama-africa-caro-light-black-soap-2","status":"publish","type":"product","link":"https:\/\/www.laperlavalles.cat\/fr\/produit\/mama-africa-caro-light-black-soap-2\/","title":{"rendered":"MA CARO LIGHT BLACK SOAP"},"content":{"rendered":"<p>Mama Africa Caro Light Black Soap est un pain de savon noir qui \u00e9claircit et unifie le teint tout en l&rsquo;unifiant. La Perla est le distributeur officiel de la marque de cosm\u00e9tiques Mama Africa, cosm\u00e9tiques sp\u00e9cialis\u00e9s pour la peau africaine.<\/p>\n","protected":false},"excerpt":{"rendered":"<p>Mama Africa Caro Light Black Soap est un pain de savon noir qui \u00e9claircit et unifie le teint tout en l&rsquo;unifiant. La Perla est le distributeur<span class=\"excerpt-hellip\"> [\u2026]<\/span><\/p>\n","protected":false},"featured_media":171929,"comment_status":"open","ping_status":"closed","template":"","meta":[],"product_cat":[8461],"product_tag":[],"_links":{"self":[{"href":"https:\/\/www.laperlavalles.cat\/fr\/wp-json\/wp\/v2\/product\/83953"}],"collection":[{"href":"https:\/\/www.laperlavalles.cat\/fr\/wp-json\/wp\/v2\/product"}],"about":[{"href":"https:\/\/www.laperlavalles.cat\/fr\/wp-json\/wp\/v2\/types\/product"}],"replies":[{"embeddable":true,"href":"https:\/\/www.laperlavalles.cat\/fr\/wp-json\/wp\/v2\/comments?post=83953"}],"wp:featuredmedia":[{"embeddable":true,"href":"https:\/\/www.laperlavalles.cat\/fr\/wp-json\/wp\/v2\/media\/171929"}],"wp:attachment":[{"href":"https:\/\/www.laperlavalles.cat\/fr\/wp-json\/wp\/v2\/media?parent=83953"}],"wp:term":[{"taxonomy":"product_cat","embeddable":true,"href":"https:\/\/www.laperlavalles.cat\/fr\/wp-json\/wp\/v2\/product_cat?post=83953"},{"taxonomy":"product_tag","embeddable":true,"href":"https:\/\/www.laperlavalles.cat\/fr\/wp-json\/wp\/v2\/product_tag?post=83953"}],"curies":[{"name":"wp","href":"https:\/\/api.w.org\/{rel}","templated":true}]}}