{"id":84013,"date":"2021-08-23T07:57:55","date_gmt":"2021-08-23T05:58:08","guid":{"rendered":"https:\/\/www.laperlavalles2.bcntic.com\/product\/mama-africa-clairmen-lightening-lotion-for-men\/"},"modified":"2023-12-21T15:53:23","modified_gmt":"2023-12-21T14:53:23","slug":"mama-africa-clairmen-lightening-lotion-for-men","status":"publish","type":"product","link":"https:\/\/www.laperlavalles.cat\/fr\/produit\/mama-africa-clairmen-lightening-lotion-for-men\/","title":{"rendered":"MA CLAIRMEN LIGHTENING LOTION FOR MEN"},"content":{"rendered":"<p>Le programme de lotion \u00e9claircissante Mama Africa Clairmen pour hommes est une lotion hydratante \u00e9claircissante et unifiante pour la peau des hommes. La Perla est un fournisseur de cosm\u00e9tiques pour hommes Mama Africa.<\/p>\n","protected":false},"excerpt":{"rendered":"<p>Le programme de lotion \u00e9claircissante Mama Africa Clairmen pour hommes est une lotion hydratante \u00e9claircissante et unifiante pour la peau des hommes. La Perla est un<span class=\"excerpt-hellip\"> [\u2026]<\/span><\/p>\n","protected":false},"featured_media":171975,"comment_status":"open","ping_status":"closed","template":"","meta":[],"product_cat":[8461,8597],"product_tag":[],"_links":{"self":[{"href":"https:\/\/www.laperlavalles.cat\/fr\/wp-json\/wp\/v2\/product\/84013"}],"collection":[{"href":"https:\/\/www.laperlavalles.cat\/fr\/wp-json\/wp\/v2\/product"}],"about":[{"href":"https:\/\/www.laperlavalles.cat\/fr\/wp-json\/wp\/v2\/types\/product"}],"replies":[{"embeddable":true,"href":"https:\/\/www.laperlavalles.cat\/fr\/wp-json\/wp\/v2\/comments?post=84013"}],"wp:featuredmedia":[{"embeddable":true,"href":"https:\/\/www.laperlavalles.cat\/fr\/wp-json\/wp\/v2\/media\/171975"}],"wp:attachment":[{"href":"https:\/\/www.laperlavalles.cat\/fr\/wp-json\/wp\/v2\/media?parent=84013"}],"wp:term":[{"taxonomy":"product_cat","embeddable":true,"href":"https:\/\/www.laperlavalles.cat\/fr\/wp-json\/wp\/v2\/product_cat?post=84013"},{"taxonomy":"product_tag","embeddable":true,"href":"https:\/\/www.laperlavalles.cat\/fr\/wp-json\/wp\/v2\/product_tag?post=84013"}],"curies":[{"name":"wp","href":"https:\/\/api.w.org\/{rel}","templated":true}]}}