{"id":84033,"date":"2021-08-23T07:58:16","date_gmt":"2021-08-23T05:58:28","guid":{"rendered":"https:\/\/www.laperlavalles2.bcntic.com\/product\/mama-africa-clairmen-lightening-cream-for-men-2\/"},"modified":"2023-11-23T12:54:21","modified_gmt":"2023-11-23T11:54:21","slug":"mama-africa-clairmen-lightening-cream-for-men-2","status":"publish","type":"product","link":"https:\/\/www.laperlavalles.cat\/fr\/produit\/mama-africa-clairmen-lightening-cream-for-men-2\/","title":{"rendered":"MA CLAIRMEN LIGHTENING CREAM FOR MEN"},"content":{"rendered":"<p>Le programme de cr\u00e8me \u00e9claircissante Mama Africa Clairmen pour hommes est un hydratant \u00e9claircissant et unifiant pour la peau des hommes. La Perla est un distributeur de cosm\u00e9tiques africains pour hommes.<\/p>\n","protected":false},"excerpt":{"rendered":"<p>Le programme de cr\u00e8me \u00e9claircissante Mama Africa Clairmen pour hommes est un hydratant \u00e9claircissant et unifiant pour la peau des hommes. La Perla est un distributeur<span class=\"excerpt-hellip\"> [\u2026]<\/span><\/p>\n","protected":false},"featured_media":171991,"comment_status":"open","ping_status":"closed","template":"","meta":[],"product_cat":[8461,8597],"product_tag":[],"_links":{"self":[{"href":"https:\/\/www.laperlavalles.cat\/fr\/wp-json\/wp\/v2\/product\/84033"}],"collection":[{"href":"https:\/\/www.laperlavalles.cat\/fr\/wp-json\/wp\/v2\/product"}],"about":[{"href":"https:\/\/www.laperlavalles.cat\/fr\/wp-json\/wp\/v2\/types\/product"}],"replies":[{"embeddable":true,"href":"https:\/\/www.laperlavalles.cat\/fr\/wp-json\/wp\/v2\/comments?post=84033"}],"wp:featuredmedia":[{"embeddable":true,"href":"https:\/\/www.laperlavalles.cat\/fr\/wp-json\/wp\/v2\/media\/171991"}],"wp:attachment":[{"href":"https:\/\/www.laperlavalles.cat\/fr\/wp-json\/wp\/v2\/media?parent=84033"}],"wp:term":[{"taxonomy":"product_cat","embeddable":true,"href":"https:\/\/www.laperlavalles.cat\/fr\/wp-json\/wp\/v2\/product_cat?post=84033"},{"taxonomy":"product_tag","embeddable":true,"href":"https:\/\/www.laperlavalles.cat\/fr\/wp-json\/wp\/v2\/product_tag?post=84033"}],"curies":[{"name":"wp","href":"https:\/\/api.w.org\/{rel}","templated":true}]}}