{"id":84113,"date":"2021-08-23T07:59:34","date_gmt":"2021-08-23T05:59:47","guid":{"rendered":"https:\/\/www.laperlavalles2.bcntic.com\/product\/mama-africa-caro-light-beauty-lotion-with-argan-oil-2\/"},"modified":"2024-05-24T16:02:14","modified_gmt":"2024-05-24T14:02:14","slug":"mama-africa-caro-light-beauty-lotion-with-argan-oil-2","status":"publish","type":"product","link":"https:\/\/www.laperlavalles.cat\/fr\/produit\/mama-africa-caro-light-beauty-lotion-with-argan-oil-2\/","title":{"rendered":"MA CARO LIGHT BEAUTY LOTION WITH ARGAN OIL"},"content":{"rendered":"<p>La lotion de beaut\u00e9 Mama Africa Caro Light Beauty \u00e0 l&rsquo;huile d&rsquo;argan est une lotion de beaut\u00e9 qui \u00e9claircit et unifie le teint enrichi en huile d&rsquo;argan.<\/p>\n","protected":false},"excerpt":{"rendered":"<p>La lotion de beaut\u00e9 Mama Africa Caro Light Beauty \u00e0 l&rsquo;huile d&rsquo;argan est une lotion de beaut\u00e9 qui \u00e9claircit et unifie le teint enrichi en huile<span class=\"excerpt-hellip\"> [\u2026]<\/span><\/p>\n","protected":false},"featured_media":177207,"comment_status":"open","ping_status":"closed","template":"","meta":[],"product_cat":[8461,8597],"product_tag":[],"_links":{"self":[{"href":"https:\/\/www.laperlavalles.cat\/fr\/wp-json\/wp\/v2\/product\/84113"}],"collection":[{"href":"https:\/\/www.laperlavalles.cat\/fr\/wp-json\/wp\/v2\/product"}],"about":[{"href":"https:\/\/www.laperlavalles.cat\/fr\/wp-json\/wp\/v2\/types\/product"}],"replies":[{"embeddable":true,"href":"https:\/\/www.laperlavalles.cat\/fr\/wp-json\/wp\/v2\/comments?post=84113"}],"wp:featuredmedia":[{"embeddable":true,"href":"https:\/\/www.laperlavalles.cat\/fr\/wp-json\/wp\/v2\/media\/177207"}],"wp:attachment":[{"href":"https:\/\/www.laperlavalles.cat\/fr\/wp-json\/wp\/v2\/media?parent=84113"}],"wp:term":[{"taxonomy":"product_cat","embeddable":true,"href":"https:\/\/www.laperlavalles.cat\/fr\/wp-json\/wp\/v2\/product_cat?post=84113"},{"taxonomy":"product_tag","embeddable":true,"href":"https:\/\/www.laperlavalles.cat\/fr\/wp-json\/wp\/v2\/product_tag?post=84113"}],"curies":[{"name":"wp","href":"https:\/\/api.w.org\/{rel}","templated":true}]}}