{"id":84354,"date":"2021-09-16T08:35:40","date_gmt":"2021-09-16T06:35:57","guid":{"rendered":"https:\/\/www.laperlavalles2.bcntic.com\/product\/dax-indian-hemp-75oz-2\/"},"modified":"2024-08-30T14:17:07","modified_gmt":"2024-08-30T12:17:07","slug":"dax-indian-hemp-75oz-2","status":"publish","type":"product","link":"https:\/\/www.laperlavalles.cat\/fr\/produit\/dax-indian-hemp-75oz-2\/","title":{"rendered":"DAX INDIAN HEMP 7,5OZ"},"content":{"rendered":"<p>Dax Indiam Hemp 7,5oz. Cr\u00e8me capillaire hydratante et r\u00e9paratrice \u00e0 base de chanvre indien.<\/p>\n","protected":false},"excerpt":{"rendered":"<p>Dax Indiam Hemp 7,5oz. Cr\u00e8me capillaire hydratante et r\u00e9paratrice \u00e0 base de chanvre indien.<\/p>\n","protected":false},"featured_media":172217,"comment_status":"open","ping_status":"closed","template":"","meta":[],"product_cat":[10616],"product_tag":[],"_links":{"self":[{"href":"https:\/\/www.laperlavalles.cat\/fr\/wp-json\/wp\/v2\/product\/84354"}],"collection":[{"href":"https:\/\/www.laperlavalles.cat\/fr\/wp-json\/wp\/v2\/product"}],"about":[{"href":"https:\/\/www.laperlavalles.cat\/fr\/wp-json\/wp\/v2\/types\/product"}],"replies":[{"embeddable":true,"href":"https:\/\/www.laperlavalles.cat\/fr\/wp-json\/wp\/v2\/comments?post=84354"}],"wp:featuredmedia":[{"embeddable":true,"href":"https:\/\/www.laperlavalles.cat\/fr\/wp-json\/wp\/v2\/media\/172217"}],"wp:attachment":[{"href":"https:\/\/www.laperlavalles.cat\/fr\/wp-json\/wp\/v2\/media?parent=84354"}],"wp:term":[{"taxonomy":"product_cat","embeddable":true,"href":"https:\/\/www.laperlavalles.cat\/fr\/wp-json\/wp\/v2\/product_cat?post=84354"},{"taxonomy":"product_tag","embeddable":true,"href":"https:\/\/www.laperlavalles.cat\/fr\/wp-json\/wp\/v2\/product_tag?post=84354"}],"curies":[{"name":"wp","href":"https:\/\/api.w.org\/{rel}","templated":true}]}}